{"id":1170,"date":"2024-09-12T11:54:37","date_gmt":"2024-09-12T16:54:37","guid":{"rendered":"https:\/\/www.mmmrecycles.com\/?page_id=1170"},"modified":"2024-09-12T11:58:20","modified_gmt":"2024-09-12T16:58:20","slug":"thank-you","status":"publish","type":"page","link":"https:\/\/www.mmmrecycles.com\/pl\/dziekuje\/","title":{"rendered":""},"content":{"rendered":"<h2 class=\"wp-block-heading\">Dzi\u0119kujemy za kontakt z MMM Recycles, firm\u0105 oferuj\u0105c\u0105 zr\u00f3wnowa\u017cone rozwi\u0105zanie w zakresie gospodarowania odpadami w Twojej okolicy.<\/h2>\n\n\n\n<p>Cz\u0142onek naszego zespo\u0142u skontaktuje si\u0119 z Tob\u0105 tak szybko, jak to mo\u017cliwe. W celu natychmiastowej obs\u0142ugi zadzwo\u0144 pod numer 847-426-6354<\/p>\n\n\n\n<p>Wr\u00f3\u0107 do <a href=\"https:\/\/www.mmmrecycles.com\/pl\/\">strona g\u0142\u00f3wna<\/a>.<\/p>","protected":false},"excerpt":{"rendered":"<p>Dzi\u0119kujemy za kontakt z MMM Recycles, zr\u00f3wnowa\u017conym rozwi\u0105zaniem w zakresie gospodarki odpadami w Twojej okolicy. Cz\u0142onek naszego zespo\u0142u skontaktuje si\u0119 z Tob\u0105 tak szybko, jak to mo\u017cliwe. W celu uzyskania natychmiastowej pomocy zadzwo\u0144 pod numer 847-426-6354 Wr\u00f3\u0107 do strony g\u0142\u00f3wnej.<\/p>","protected":false},"author":3,"featured_media":0,"parent":0,"menu_order":0,"comment_status":"closed","ping_status":"closed","template":"","meta":{"footnotes":""},"class_list":["post-1170","page","type-page","status-publish","hentry"],"yoast_head":"<!-- This site is optimized with the Yoast SEO plugin v27.3 - https:\/\/yoast.com\/product\/yoast-seo-wordpress\/ -->\n<title>MMM Recycles I Sustainable Waste Recycling<\/title>\n<meta name=\"description\" content=\"Sustainable waste recycling: contact us for your waste station, C&amp;D recycling, and dumpster rental needs...\" \/>\n<meta name=\"robots\" content=\"index, follow, max-snippet:-1, max-image-preview:large, max-video-preview:-1\" \/>\n<link rel=\"canonical\" href=\"https:\/\/www.mmmrecycles.com\/pl\/dziekuje\/\" \/>\n<meta property=\"og:locale\" content=\"pl_PL\" \/>\n<meta property=\"og:type\" content=\"article\" \/>\n<meta property=\"og:title\" content=\"MMM Recycles I Sustainable Waste Recycling\" \/>\n<meta property=\"og:description\" content=\"Sustainable waste recycling: contact us for your waste station, C&amp;D recycling, and dumpster rental needs...\" \/>\n<meta property=\"og:url\" content=\"https:\/\/www.mmmrecycles.com\/pl\/dziekuje\/\" \/>\n<meta property=\"og:site_name\" content=\"Midwest Material Management I C&amp;D Waste Management\" \/>\n<meta property=\"article:modified_time\" content=\"2024-09-12T16:58:20+00:00\" \/>\n<meta name=\"twitter:card\" content=\"summary_large_image\" \/>\n<meta name=\"twitter:label1\" content=\"Est. reading time\" \/>\n\t<meta name=\"twitter:data1\" content=\"1 minute\" \/>\n<script type=\"application\/ld+json\" class=\"yoast-schema-graph\">{\"@context\":\"https:\\\/\\\/schema.org\",\"@graph\":[{\"@type\":\"WebPage\",\"@id\":\"https:\\\/\\\/www.mmmrecycles.com\\\/thank-you\\\/\",\"url\":\"https:\\\/\\\/www.mmmrecycles.com\\\/thank-you\\\/\",\"name\":\"MMM Recycles I Sustainable Waste Recycling\",\"isPartOf\":{\"@id\":\"https:\\\/\\\/www.mmmrecycles.com\\\/#website\"},\"datePublished\":\"2024-09-12T16:54:37+00:00\",\"dateModified\":\"2024-09-12T16:58:20+00:00\",\"description\":\"Sustainable waste recycling: contact us for your waste station, C&D recycling, and dumpster rental needs...\",\"inLanguage\":\"pl-PL\",\"potentialAction\":[{\"@type\":\"ReadAction\",\"target\":[\"https:\\\/\\\/www.mmmrecycles.com\\\/thank-you\\\/\"]}]},{\"@type\":\"WebSite\",\"@id\":\"https:\\\/\\\/www.mmmrecycles.com\\\/#website\",\"url\":\"https:\\\/\\\/www.mmmrecycles.com\\\/\",\"name\":\"Midwest Material Management I C&amp;D Waste Management\",\"description\":\"Sustainable C&amp;D Waste Management and RecyclingSolutions\",\"potentialAction\":[{\"@type\":\"SearchAction\",\"target\":{\"@type\":\"EntryPoint\",\"urlTemplate\":\"https:\\\/\\\/www.mmmrecycles.com\\\/?s={search_term_string}\"},\"query-input\":{\"@type\":\"PropertyValueSpecification\",\"valueRequired\":true,\"valueName\":\"search_term_string\"}}],\"inLanguage\":\"pl-PL\"}]}<\/script>\n<!-- \/ Yoast SEO plugin. -->","yoast_head_json":{"title":"MMM Recycles I Zr\u00f3wnowa\u017cony recykling odpad\u00f3w","description":"Zr\u00f3wnowa\u017cony recykling odpad\u00f3w: skontaktuj si\u0119 z nami w sprawie potrzeb zwi\u0105zanych ze sk\u0142adowaniem odpad\u00f3w, recyklingiem odpad\u00f3w budowlanych i rozbi\u00f3rkowych oraz wynajmem kontener\u00f3w na \u015bmieci...","robots":{"index":"index","follow":"follow","max-snippet":"max-snippet:-1","max-image-preview":"max-image-preview:large","max-video-preview":"max-video-preview:-1"},"canonical":"https:\/\/www.mmmrecycles.com\/pl\/dziekuje\/","og_locale":"pl_PL","og_type":"article","og_title":"MMM Recycles I Sustainable Waste Recycling","og_description":"Sustainable waste recycling: contact us for your waste station, C&D recycling, and dumpster rental needs...","og_url":"https:\/\/www.mmmrecycles.com\/pl\/dziekuje\/","og_site_name":"Midwest Material Management I C&amp;D Waste Management","article_modified_time":"2024-09-12T16:58:20+00:00","twitter_card":"summary_large_image","twitter_misc":{"Est. reading time":"1 minute"},"schema":{"@context":"https:\/\/schema.org","@graph":[{"@type":"WebPage","@id":"https:\/\/www.mmmrecycles.com\/thank-you\/","url":"https:\/\/www.mmmrecycles.com\/thank-you\/","name":"MMM Recycles I Zr\u00f3wnowa\u017cony recykling odpad\u00f3w","isPartOf":{"@id":"https:\/\/www.mmmrecycles.com\/#website"},"datePublished":"2024-09-12T16:54:37+00:00","dateModified":"2024-09-12T16:58:20+00:00","description":"Zr\u00f3wnowa\u017cony recykling odpad\u00f3w: skontaktuj si\u0119 z nami w sprawie potrzeb zwi\u0105zanych ze sk\u0142adowaniem odpad\u00f3w, recyklingiem odpad\u00f3w budowlanych i rozbi\u00f3rkowych oraz wynajmem kontener\u00f3w na \u015bmieci...","inLanguage":"pl-PL","potentialAction":[{"@type":"ReadAction","target":["https:\/\/www.mmmrecycles.com\/thank-you\/"]}]},{"@type":"WebSite","@id":"https:\/\/www.mmmrecycles.com\/#website","url":"https:\/\/www.mmmrecycles.com\/","name":"Zarz\u0105dzanie materia\u0142ami na \u015arodkowym Zachodzie I Zarz\u0105dzanie odpadami z budowy i rozbi\u00f3rki","description":"Zr\u00f3wnowa\u017cone rozwi\u0105zania w zakresie zarz\u0105dzania odpadami z budowy i rozbi\u00f3rki oraz recyklingu","potentialAction":[{"@type":"SearchAction","target":{"@type":"EntryPoint","urlTemplate":"https:\/\/www.mmmrecycles.com\/?s={search_term_string}"},"query-input":{"@type":"PropertyValueSpecification","valueRequired":true,"valueName":"search_term_string"}}],"inLanguage":"pl-PL"}]}},"_links":{"self":[{"href":"https:\/\/www.mmmrecycles.com\/pl\/wp-json\/wp\/v2\/pages\/1170","targetHints":{"allow":["GET"]}}],"collection":[{"href":"https:\/\/www.mmmrecycles.com\/pl\/wp-json\/wp\/v2\/pages"}],"about":[{"href":"https:\/\/www.mmmrecycles.com\/pl\/wp-json\/wp\/v2\/types\/page"}],"author":[{"embeddable":true,"href":"https:\/\/www.mmmrecycles.com\/pl\/wp-json\/wp\/v2\/users\/3"}],"replies":[{"embeddable":true,"href":"https:\/\/www.mmmrecycles.com\/pl\/wp-json\/wp\/v2\/comments?post=1170"}],"version-history":[{"count":3,"href":"https:\/\/www.mmmrecycles.com\/pl\/wp-json\/wp\/v2\/pages\/1170\/revisions"}],"predecessor-version":[{"id":1174,"href":"https:\/\/www.mmmrecycles.com\/pl\/wp-json\/wp\/v2\/pages\/1170\/revisions\/1174"}],"wp:attachment":[{"href":"https:\/\/www.mmmrecycles.com\/pl\/wp-json\/wp\/v2\/media?parent=1170"}],"curies":[{"name":"wp","href":"https:\/\/api.w.org\/{rel}","templated":true}]}}