{"id":1107,"date":"2024-07-17T16:18:20","date_gmt":"2024-07-17T21:18:20","guid":{"rendered":"https:\/\/www.mmmrecycles.com\/?page_id=1107"},"modified":"2025-09-09T14:07:14","modified_gmt":"2025-09-09T19:07:14","slug":"cd-garbage-dump-and-recycling-facility-near-me","status":"publish","type":"page","link":"https:\/\/www.mmmrecycles.com\/pl\/wysypisko-smieci-i-zaklad-recyklingu-plyt-cd-w-poblizu-mnie\/","title":{"rendered":"Wysypisko \u015bmieci i zak\u0142ad recyklingu C&amp;D w pobli\u017cu mnie"},"content":{"rendered":"<h2 class=\"wp-block-heading\"><strong>Szukasz wysypiska \u015bmieci i zak\u0142adu recyklingu w Twojej okolicy?<\/strong><\/h2>\n\n\n\n<p>Midwest Material Management (MMM) to lokalne rozwi\u0105zanie w zakresie odpowiedzialnego usuwania i recyklingu odpad\u00f3w z budowy i rozbi\u00f3rki (C&amp;D). Nasz najnowocze\u015bniejszy obiekt jest dogodnie zlokalizowany w pobli\u017cu g\u0142\u00f3wnych szlak\u00f3w transportowych, co u\u0142atwia wykonawcom, konstruktorom i firmom dostarczanie materia\u0142\u00f3w z budowy i rozbi\u00f3rki.<br><br>Obs\u0142ugujemy nast\u0119puj\u0105ce hrabstwa: hrabstwo McHenry, IL, hrabstwo Boone, IL, hrabstwo Winnebago, IL, hrabstwo Kane, IL, hrabstwo Lake, IL, hrabstwo Cook, IL, hrabstwo Walworth, WI, hrabstwo Kenosha, WI i hrabstwo Rock, WI<\/p>\n\n\n\n<figure class=\"wp-block-embed is-type-video is-provider-youtube wp-block-embed-youtube wp-embed-aspect-16-9 wp-has-aspect-ratio\"><div class=\"wp-block-embed__wrapper\">\n<iframe loading=\"lazy\" title=\"Budynek obr\u0119czy obiektu prze\u0142adunkowego MMM C&amp;D\" width=\"1020\" height=\"574\" src=\"https:\/\/www.youtube.com\/embed\/tSJlU90lnzg?feature=oembed\" frameborder=\"0\" allow=\"accelerometer; autoplay; clipboard-write; encrypted-media; gyroscope; picture-in-picture; web-share\" referrerpolicy=\"strict-origin-when-cross-origin\" allowfullscreen><\/iframe>\n<\/div><\/figure>\n\n\n\n<p><\/p>\n\n\n\n<h3 class=\"wp-block-heading\"><strong>Dlaczego warto wybra\u0107 MMM dla potrzeb zwi\u0105zanych z odpadami z budowy i rozbi\u00f3rki?<\/strong><\/h3>\n\n\n\n<ul class=\"wp-block-list\">\n<li><strong>Odpowiedzialny za \u015brodowisko:<\/strong> Priorytetowo traktujemy recykling i odzyskiwanie zasob\u00f3w, aby zminimalizowa\u0107 wp\u0142yw odpad\u00f3w z budowy i rozbi\u00f3rki na \u015brodowisko.<\/li>\n\n\n\n<li><strong>Wydajny i wygodny:<\/strong> Nasze usprawnione procesy i wyd\u0142u\u017cone godziny pracy u\u0142atwiaj\u0105 szybk\u0105 i skuteczn\u0105 utylizacj\u0119 materia\u0142\u00f3w z budowy i rozbi\u00f3rki.<\/li>\n\n\n\n<li><strong>Konkurencyjne ceny:<\/strong> Oferujemy konkurencyjne stawki za us\u0142ugi wywozu i recyklingu odpad\u00f3w z budowy i rozbi\u00f3rki.<\/li>\n\n\n\n<li><strong>Personel ekspercki:<\/strong> Nasz wykwalifikowany personel jest do Pa\u0144stwa dyspozycji, aby pom\u00f3c Pa\u0144stwu we wszystkich kwestiach zwi\u0105zanych z odpadami z budowy i rozbi\u00f3rki.<\/li>\n<\/ul>\n\n\n\n<h3 class=\"wp-block-heading\"><br><strong>Nasze us\u0142ugi w zakresie odpad\u00f3w z budowy i rozbi\u00f3rki:<\/strong><\/h3>\n\n\n\n<ul class=\"wp-block-list\">\n<li><strong>Utylizacja odpad\u00f3w z budowy i rozbi\u00f3rki:<\/strong> Akceptujemy szerok\u0105 gam\u0119 materia\u0142\u00f3w z budowy i rozbi\u00f3rki, w tym beton, drewno, metal, p\u0142yty gipsowo-kartonowe i inne.<\/li>\n\n\n\n<li><strong>Recykling odpad\u00f3w z budowy i rozbi\u00f3rki:<\/strong> Sortujemy i przetwarzamy materia\u0142y z budowy i rozbi\u00f3rki, aby odzyska\u0107 cenne zasoby i ograniczy\u0107 ilo\u015b\u0107 odpad\u00f3w sk\u0142adowanych na wysypiskach.<\/li>\n\n\n\n<li><strong>\u015amietniki przemys\u0142owe:<\/strong> Oferujemy r\u00f3\u017cne rozmiary kontener\u00f3w na \u015bmieci, aby spe\u0142ni\u0107 Twoje specyficzne potrzeby.<\/li>\n\n\n\n<li><strong>Us\u0142ugi odbioru i odbioru:<\/strong> Mo\u017cemy odebra\u0107 materia\u0142y z budowy i rozbi\u00f3rki z miejsca pracy lub lokalizacji firmy.<\/li>\n<\/ul>\n\n\n\n<h3 class=\"wp-block-heading\"><strong>Nasze zaanga\u017cowanie w zr\u00f3wnowa\u017cony rozw\u00f3j:<\/strong><\/h3>\n\n\n\n<p>W MMM anga\u017cujemy si\u0119 w promowanie zr\u00f3wnowa\u017conych praktyk w bran\u017cy budowlanej i rozbi\u00f3rkowej. Staramy si\u0119, aby jak najwi\u0119cej odpad\u00f3w z budowy i rozbi\u00f3rki nie trafia\u0142o na sk\u0142adowiska, poprzez recykling i odzysk cennych zasob\u00f3w. Wsp\u00f3\u0142pracujemy r\u00f3wnie\u017c z lokalnymi przedsi\u0119biorstwami i organizacjami, aby edukowa\u0107 je na temat znaczenia odpowiedzialnego gospodarowania odpadami z budowy i rozbi\u00f3rki.<\/p>\n\n\n\n<h4 class=\"wp-block-heading\"><strong>Skontaktuj si\u0119 z nami ju\u017c dzi\u015b:<\/strong><\/h4>\n\n\n\n<p>Aby dowiedzie\u0107 si\u0119 wi\u0119cej na temat naszych us\u0142ug wywozu i recyklingu \u015bmieci z budowy i rozbi\u00f3rki lub um\u00f3wi\u0107 si\u0119 na odbi\u00f3r, skontaktuj si\u0119 z nami pod numerem (847) 426-6354. Nie mo\u017cemy si\u0119 doczeka\u0107, aby Ci s\u0142u\u017cy\u0107!<\/p>\n\n\n\n<h4 class=\"wp-block-heading\"><strong>Odwied\u017a nasz nowy obiekt:<\/strong><\/h4>\n\n\n\n<p>Nasz nowy obiekt jest dogodnie zlokalizowany pod adresem 370 South Brier Hill Road w Hampshire w stanie Illinois. Jeste\u015bmy otwarci od poniedzia\u0142ku do pi\u0105tku w godzinach 7:00-16:00 oraz w sobot\u0119 w godzinach 7:00-12:00.<\/p>\n\n\n\n<p><em>Wysypisko \u015bmieci z budowy i rozbi\u00f3rki, zak\u0142ad recyklingu z budowy i rozbi\u00f3rki, wyw\u00f3z odpad\u00f3w budowlanych, wyw\u00f3z \u015bmieci z rozbi\u00f3rki, \u015bmietniki przemys\u0142owe, odbi\u00f3r odpad\u00f3w, zbi\u00f3rka odpad\u00f3w, zr\u00f3wnowa\u017cona gospodarka odpadami<\/em><\/p>","protected":false},"excerpt":{"rendered":"<p>Looking for a C&amp;D Garbage Dump and Recycling Facility Near You? Midwest Material Management (MMM) is your local solution for responsible construction and demolition (C&amp;D) waste disposal and recycling. Our state-of-the-art facility is conveniently located near major transportation routes, making it easy for contractors, builders, and businesses to drop off their C&amp;D materials. Serving the [&#8230;]\n","protected":false},"author":3,"featured_media":0,"parent":0,"menu_order":0,"comment_status":"closed","ping_status":"closed","template":"","meta":{"footnotes":""},"class_list":["post-1107","page","type-page","status-publish","hentry"],"yoast_head":"<!-- This site is optimized with the Yoast SEO plugin v27.3 - https:\/\/yoast.com\/product\/yoast-seo-wordpress\/ -->\n<title>C&amp;D Garbage Dump and Recycling Facility Near Me - Midwest Material Management I C&amp;D Waste Management<\/title>\n<meta name=\"description\" content=\"C&amp;D garbage dump and recycling facility near me. While others refer to it as &quot;garbage,&quot; we take what we can from your C&amp;D waste and recycle\" \/>\n<meta name=\"robots\" content=\"index, follow, max-snippet:-1, max-image-preview:large, max-video-preview:-1\" \/>\n<link rel=\"canonical\" href=\"https:\/\/www.mmmrecycles.com\/pl\/wysypisko-smieci-i-zaklad-recyklingu-plyt-cd-w-poblizu-mnie\/\" \/>\n<meta property=\"og:locale\" content=\"pl_PL\" \/>\n<meta property=\"og:type\" content=\"article\" \/>\n<meta property=\"og:title\" content=\"C&amp;D Garbage Dump and Recycling Facility Near Me - Midwest Material Management I C&amp;D Waste Management\" \/>\n<meta property=\"og:description\" content=\"C&amp;D garbage dump and recycling facility near me. While others refer to it as &quot;garbage,&quot; we take what we can from your C&amp;D waste and recycle\" \/>\n<meta property=\"og:url\" content=\"https:\/\/www.mmmrecycles.com\/pl\/wysypisko-smieci-i-zaklad-recyklingu-plyt-cd-w-poblizu-mnie\/\" \/>\n<meta property=\"og:site_name\" content=\"Midwest Material Management I C&amp;D Waste Management\" \/>\n<meta property=\"article:modified_time\" content=\"2025-09-09T19:07:14+00:00\" \/>\n<meta name=\"twitter:card\" content=\"summary_large_image\" \/>\n<meta name=\"twitter:label1\" content=\"Est. reading time\" \/>\n\t<meta name=\"twitter:data1\" content=\"2 minutes\" \/>\n<script type=\"application\/ld+json\" class=\"yoast-schema-graph\">{\"@context\":\"https:\\\/\\\/schema.org\",\"@graph\":[{\"@type\":\"WebPage\",\"@id\":\"https:\\\/\\\/www.mmmrecycles.com\\\/cd-garbage-dump-and-recycling-facility-near-me\\\/\",\"url\":\"https:\\\/\\\/www.mmmrecycles.com\\\/cd-garbage-dump-and-recycling-facility-near-me\\\/\",\"name\":\"C&amp;D Garbage Dump and Recycling Facility Near Me - Midwest Material Management I C&amp;D Waste Management\",\"isPartOf\":{\"@id\":\"https:\\\/\\\/www.mmmrecycles.com\\\/#website\"},\"datePublished\":\"2024-07-17T21:18:20+00:00\",\"dateModified\":\"2025-09-09T19:07:14+00:00\",\"description\":\"C&D garbage dump and recycling facility near me. While others refer to it as \\\"garbage,\\\" we take what we can from your C&D waste and recycle\",\"breadcrumb\":{\"@id\":\"https:\\\/\\\/www.mmmrecycles.com\\\/cd-garbage-dump-and-recycling-facility-near-me\\\/#breadcrumb\"},\"inLanguage\":\"pl-PL\",\"potentialAction\":[{\"@type\":\"ReadAction\",\"target\":[\"https:\\\/\\\/www.mmmrecycles.com\\\/cd-garbage-dump-and-recycling-facility-near-me\\\/\"]}]},{\"@type\":\"BreadcrumbList\",\"@id\":\"https:\\\/\\\/www.mmmrecycles.com\\\/cd-garbage-dump-and-recycling-facility-near-me\\\/#breadcrumb\",\"itemListElement\":[{\"@type\":\"ListItem\",\"position\":1,\"name\":\"Home\",\"item\":\"https:\\\/\\\/www.mmmrecycles.com\\\/\"},{\"@type\":\"ListItem\",\"position\":2,\"name\":\"C&amp;D Garbage Dump and Recycling Facility Near Me\"}]},{\"@type\":\"WebSite\",\"@id\":\"https:\\\/\\\/www.mmmrecycles.com\\\/#website\",\"url\":\"https:\\\/\\\/www.mmmrecycles.com\\\/\",\"name\":\"Midwest Material Management I C&amp;D Waste Management\",\"description\":\"Sustainable C&amp;D Waste Management and RecyclingSolutions\",\"potentialAction\":[{\"@type\":\"SearchAction\",\"target\":{\"@type\":\"EntryPoint\",\"urlTemplate\":\"https:\\\/\\\/www.mmmrecycles.com\\\/?s={search_term_string}\"},\"query-input\":{\"@type\":\"PropertyValueSpecification\",\"valueRequired\":true,\"valueName\":\"search_term_string\"}}],\"inLanguage\":\"pl-PL\"}]}<\/script>\n<!-- \/ Yoast SEO plugin. -->","yoast_head_json":{"title":"Wysypisko \u015bmieci i zak\u0142ad recyklingu w pobli\u017cu mnie - Midwest Material Management I Zarz\u0105dzanie odpadami z budowy i rozbi\u00f3rki","description":"Wysypisko \u015bmieci C&amp;D i zak\u0142ad recyklingu w pobli\u017cu mnie. Podczas gdy inni nazywaj\u0105 to \u201e\u015bmieciami\u201d, my bierzemy tyle, ile si\u0119 da z odpad\u00f3w z budowy i rozbi\u00f3rki i poddajemy je recyklingowi","robots":{"index":"index","follow":"follow","max-snippet":"max-snippet:-1","max-image-preview":"max-image-preview:large","max-video-preview":"max-video-preview:-1"},"canonical":"https:\/\/www.mmmrecycles.com\/pl\/wysypisko-smieci-i-zaklad-recyklingu-plyt-cd-w-poblizu-mnie\/","og_locale":"pl_PL","og_type":"article","og_title":"C&amp;D Garbage Dump and Recycling Facility Near Me - Midwest Material Management I C&amp;D Waste Management","og_description":"C&D garbage dump and recycling facility near me. While others refer to it as \"garbage,\" we take what we can from your C&D waste and recycle","og_url":"https:\/\/www.mmmrecycles.com\/pl\/wysypisko-smieci-i-zaklad-recyklingu-plyt-cd-w-poblizu-mnie\/","og_site_name":"Midwest Material Management I C&amp;D Waste Management","article_modified_time":"2025-09-09T19:07:14+00:00","twitter_card":"summary_large_image","twitter_misc":{"Est. reading time":"2 minutes"},"schema":{"@context":"https:\/\/schema.org","@graph":[{"@type":"WebPage","@id":"https:\/\/www.mmmrecycles.com\/cd-garbage-dump-and-recycling-facility-near-me\/","url":"https:\/\/www.mmmrecycles.com\/cd-garbage-dump-and-recycling-facility-near-me\/","name":"Wysypisko \u015bmieci i zak\u0142ad recyklingu w pobli\u017cu mnie - Midwest Material Management I Zarz\u0105dzanie odpadami z budowy i rozbi\u00f3rki","isPartOf":{"@id":"https:\/\/www.mmmrecycles.com\/#website"},"datePublished":"2024-07-17T21:18:20+00:00","dateModified":"2025-09-09T19:07:14+00:00","description":"Wysypisko \u015bmieci C&amp;D i zak\u0142ad recyklingu w pobli\u017cu mnie. Podczas gdy inni nazywaj\u0105 to \u201e\u015bmieciami\u201d, my bierzemy tyle, ile si\u0119 da z odpad\u00f3w z budowy i rozbi\u00f3rki i poddajemy je recyklingowi","breadcrumb":{"@id":"https:\/\/www.mmmrecycles.com\/cd-garbage-dump-and-recycling-facility-near-me\/#breadcrumb"},"inLanguage":"pl-PL","potentialAction":[{"@type":"ReadAction","target":["https:\/\/www.mmmrecycles.com\/cd-garbage-dump-and-recycling-facility-near-me\/"]}]},{"@type":"BreadcrumbList","@id":"https:\/\/www.mmmrecycles.com\/cd-garbage-dump-and-recycling-facility-near-me\/#breadcrumb","itemListElement":[{"@type":"ListItem","position":1,"name":"Home","item":"https:\/\/www.mmmrecycles.com\/"},{"@type":"ListItem","position":2,"name":"C&amp;D Garbage Dump and Recycling Facility Near Me"}]},{"@type":"WebSite","@id":"https:\/\/www.mmmrecycles.com\/#website","url":"https:\/\/www.mmmrecycles.com\/","name":"Zarz\u0105dzanie materia\u0142ami na \u015arodkowym Zachodzie I Zarz\u0105dzanie odpadami z budowy i rozbi\u00f3rki","description":"Zr\u00f3wnowa\u017cone rozwi\u0105zania w zakresie zarz\u0105dzania odpadami z budowy i rozbi\u00f3rki oraz recyklingu","potentialAction":[{"@type":"SearchAction","target":{"@type":"EntryPoint","urlTemplate":"https:\/\/www.mmmrecycles.com\/?s={search_term_string}"},"query-input":{"@type":"PropertyValueSpecification","valueRequired":true,"valueName":"search_term_string"}}],"inLanguage":"pl-PL"}]}},"_links":{"self":[{"href":"https:\/\/www.mmmrecycles.com\/pl\/wp-json\/wp\/v2\/pages\/1107","targetHints":{"allow":["GET"]}}],"collection":[{"href":"https:\/\/www.mmmrecycles.com\/pl\/wp-json\/wp\/v2\/pages"}],"about":[{"href":"https:\/\/www.mmmrecycles.com\/pl\/wp-json\/wp\/v2\/types\/page"}],"author":[{"embeddable":true,"href":"https:\/\/www.mmmrecycles.com\/pl\/wp-json\/wp\/v2\/users\/3"}],"replies":[{"embeddable":true,"href":"https:\/\/www.mmmrecycles.com\/pl\/wp-json\/wp\/v2\/comments?post=1107"}],"version-history":[{"count":4,"href":"https:\/\/www.mmmrecycles.com\/pl\/wp-json\/wp\/v2\/pages\/1107\/revisions"}],"predecessor-version":[{"id":1320,"href":"https:\/\/www.mmmrecycles.com\/pl\/wp-json\/wp\/v2\/pages\/1107\/revisions\/1320"}],"wp:attachment":[{"href":"https:\/\/www.mmmrecycles.com\/pl\/wp-json\/wp\/v2\/media?parent=1107"}],"curies":[{"name":"wp","href":"https:\/\/api.w.org\/{rel}","templated":true}]}}