{"id":454,"date":"2021-12-13T17:00:54","date_gmt":"2021-12-13T17:00:54","guid":{"rendered":"https:\/\/www.mmmrecycles.com\/?page_id=454"},"modified":"2024-09-16T11:11:41","modified_gmt":"2024-09-16T16:11:41","slug":"contact-us","status":"publish","type":"page","link":"https:\/\/www.mmmrecycles.com\/es\/contactenos\/","title":{"rendered":"Cont\u00e1ctenos"},"content":{"rendered":"<section class=\"section dark\" id=\"section_1662761470\">\n\t\t<div class=\"section-bg fill\" >\n\t\t\t<img loading=\"lazy\" decoding=\"async\" width=\"2560\" height=\"1073\" src=\"https:\/\/www.mmmrecycles.com\/wp-content\/uploads\/2024\/06\/TiEnergy_Rail-Tie-and-Wood-Waste-Recycling-and-Repurposing-Experts_Sustainability-in-Railroad-Industry-scaled.jpg\" class=\"bg attachment-original size-original\" alt=\"Cont\u00e1ctenos para cotizaciones o carreras en conducci\u00f3n_Midwest Material Management\" \/>\t\t\t\t\t\t<div class=\"section-bg-overlay absolute fill\"><\/div>\n\t\t\t\n\n\t\t<\/div>\n\n\t\t\n\n\t\t<div class=\"section-content relative\">\n\t\t\t\n\n<div class=\"row\"  id=\"row-705032268\">\n\n\n\t<div id=\"col-2126111793\" class=\"col medium-6 small-12 large-6\"  >\n\t\t\t\t<div class=\"col-inner\"  >\n\t\t\t\n\t\t\t\n\n<h1 class=\"display-2 no-margin\">Cont\u00e1ctenos<\/h1>\n<h5 class=\"lead\">Trabajar con una empresa familiar con 30 a\u00f1os de experiencia en la gesti\u00f3n de residuos de construcci\u00f3n.<\/h5>\n\t<div id=\"gap-1414964084\" class=\"gap-element clearfix\" style=\"display:block; height:auto;\">\n\t\t\n<style>\n#gap-1414964084 {\n  padding-top: 30px;\n}\n<\/style>\n\t<\/div>\n\t\n\n<a href=\"tel:%20+18474266354\" class=\"button primary\" >\n\t\t<span>Llame hoy: (847) 426-6354<\/span>\n\t<\/a>\n\n\n\n\t\t<\/div>\n\t\t\t\t\t<\/div>\n\n\t\n\n<\/div>\n\n\t\t<\/div>\n\n\t\t\n<style>\n#section_1662761470 {\n  padding-top: 95px;\n  padding-bottom: 95px;\n}\n#section_1662761470 .section-bg-overlay {\n  background-color: rgba(0, 0, 0, 0.523);\n}\n<\/style>\n\t<\/section>\n\t\n\n\t<section class=\"section\" id=\"section_1679330681\">\n\t\t<div class=\"section-bg fill\" >\n\t\t\t\t\t\t\t\t\t\n\t\t\t\n\n\t\t<\/div>\n\n\t\t\n\n\t\t<div class=\"section-content relative\">\n\t\t\t\n\n<div class=\"row\"  id=\"row-150928478\">\n\n\n\t<div id=\"col-1462646556\" class=\"col medium-6 small-12 large-6\"  >\n\t\t\t\t<div class=\"col-inner box-shadow-5\" style=\"background-color:rgb(255,255,255);\" >\n\t\t\t\n\t\t\t\n\n\n\n<iframe loading=\"lazy\" src=\"https:\/\/forms.monday.com\/forms\/embed\/b4049387b6cc984195ab92db5e8654b5?r=use1\" width=\"650\" height=\"1200\" style=\"border: 0; box-shadow: 5px 5px 56px 0px rgba(0,0,0,0.25);\"><\/iframe>\n\n\n\t\t<\/div>\n\t\t\t\t\n<style>\n#col-1462646556 > .col-inner {\n  padding: 20px 20px 20px 20px;\n}\n<\/style>\n\t<\/div>\n\n\t\n\n\t<div id=\"col-1112958333\" class=\"col medium-6 small-12 large-6\"  >\n\t\t\t\t<div class=\"col-inner\"  >\n\t\t\t\n\t\t\t\n\n<h3>Instalaci\u00f3n de gesti\u00f3n, reciclaje y entrega de residuos de construcci\u00f3n<\/h3>\n<p>370 Brier Hill Road<br \/>habitaci\u00f3n 100<br \/>Hampshire, IL 60140<\/p>\n<p>Ingrese a las instalaciones por la puerta oeste (2<sup>Dakota del Norte<\/sup>\u00a0puerta a su izquierda)\u00a0<\/p>\n<p>Lunes a viernes: 6:30 a.m. \u2013 4 p.m.<br \/>S\u00e1bado: 6:30 a.m. \u2013 12 p.m.<\/p>\n\n\n<iframe src=\"https:\/\/www.google.com\/maps\/embed?pb=!1m18!1m12!1m3!1d2960.4736946630987!2d-88.48419102341177!3d42.09732477121849!2m3!1f0!2f0!3f0!3m2!1i1024!2i768!4f13.1!3m3!1m2!1s0x880f3d1c91d2fd7f%3A0x76b4a99ed4ba35d1!2s370%20Brier%20Hill%20Rd%2C%20Hampshire%2C%20IL%2060140!5e0!3m2!1sen!2sus!4v1713564202239!5m2!1sen!2sus\" width=\"600\" height=\"450\" style=\"border:0;\" allowfullscreen=\"\" loading=\"lazy\" referrerpolicy=\"no-referrer-when-downgrade\"><\/iframe>\n\n\n\t\t<\/div>\n\t\t\t\t\t<\/div>\n\n\t\n\n<\/div>\n\n\t\t<\/div>\n\n\t\t\n<style>\n#section_1679330681 {\n  padding-top: 61px;\n  padding-bottom: 61px;\n}\n<\/style>\n\t<\/section>","protected":false},"excerpt":{"rendered":"","protected":false},"author":3,"featured_media":0,"parent":0,"menu_order":0,"comment_status":"closed","ping_status":"closed","template":"page-blank.php","meta":{"footnotes":""},"class_list":["post-454","page","type-page","status-publish","hentry"],"yoast_head":"<!-- This site is optimized with the Yoast SEO plugin v27.3 - https:\/\/yoast.com\/product\/yoast-seo-wordpress\/ -->\n<title>Contact Us I Construction Waste Management I MMM Recycles<\/title>\n<meta name=\"description\" content=\"Construction waste management provided by 30-year veteran, Midwest Material Management, MMMRecycles.com\" \/>\n<meta name=\"robots\" content=\"index, follow, max-snippet:-1, max-image-preview:large, max-video-preview:-1\" \/>\n<link rel=\"canonical\" href=\"https:\/\/www.mmmrecycles.com\/es\/contactenos\/\" \/>\n<meta property=\"og:locale\" content=\"es_MX\" \/>\n<meta property=\"og:type\" content=\"article\" \/>\n<meta property=\"og:title\" content=\"Contact Us I Construction Waste Management I MMM Recycles\" \/>\n<meta property=\"og:description\" content=\"Construction waste management provided by 30-year veteran, Midwest Material Management, MMMRecycles.com\" \/>\n<meta property=\"og:url\" content=\"https:\/\/www.mmmrecycles.com\/es\/contactenos\/\" \/>\n<meta property=\"og:site_name\" content=\"Midwest Material Management I C&amp;D Waste Management\" \/>\n<meta property=\"article:modified_time\" content=\"2024-09-16T16:11:41+00:00\" \/>\n<meta name=\"twitter:card\" content=\"summary_large_image\" \/>\n<script type=\"application\/ld+json\" class=\"yoast-schema-graph\">{\"@context\":\"https:\\\/\\\/schema.org\",\"@graph\":[{\"@type\":\"WebPage\",\"@id\":\"https:\\\/\\\/www.mmmrecycles.com\\\/contact-us\\\/\",\"url\":\"https:\\\/\\\/www.mmmrecycles.com\\\/contact-us\\\/\",\"name\":\"Contact Us I Construction Waste Management I MMM Recycles\",\"isPartOf\":{\"@id\":\"https:\\\/\\\/www.mmmrecycles.com\\\/#website\"},\"datePublished\":\"2021-12-13T17:00:54+00:00\",\"dateModified\":\"2024-09-16T16:11:41+00:00\",\"description\":\"Construction waste management provided by 30-year veteran, Midwest Material Management, MMMRecycles.com\",\"breadcrumb\":{\"@id\":\"https:\\\/\\\/www.mmmrecycles.com\\\/contact-us\\\/#breadcrumb\"},\"inLanguage\":\"es-MX\",\"potentialAction\":[{\"@type\":\"ReadAction\",\"target\":[\"https:\\\/\\\/www.mmmrecycles.com\\\/contact-us\\\/\"]}]},{\"@type\":\"BreadcrumbList\",\"@id\":\"https:\\\/\\\/www.mmmrecycles.com\\\/contact-us\\\/#breadcrumb\",\"itemListElement\":[{\"@type\":\"ListItem\",\"position\":1,\"name\":\"Home\",\"item\":\"https:\\\/\\\/www.mmmrecycles.com\\\/\"},{\"@type\":\"ListItem\",\"position\":2,\"name\":\"Contact Us\"}]},{\"@type\":\"WebSite\",\"@id\":\"https:\\\/\\\/www.mmmrecycles.com\\\/#website\",\"url\":\"https:\\\/\\\/www.mmmrecycles.com\\\/\",\"name\":\"Midwest Material Management I C&amp;D Waste Management\",\"description\":\"Sustainable C&amp;D Waste Management and RecyclingSolutions\",\"potentialAction\":[{\"@type\":\"SearchAction\",\"target\":{\"@type\":\"EntryPoint\",\"urlTemplate\":\"https:\\\/\\\/www.mmmrecycles.com\\\/?s={search_term_string}\"},\"query-input\":{\"@type\":\"PropertyValueSpecification\",\"valueRequired\":true,\"valueName\":\"search_term_string\"}}],\"inLanguage\":\"es-MX\"}]}<\/script>\n<!-- \/ Yoast SEO plugin. -->","yoast_head_json":{"title":"Cont\u00e1ctenos I Gesti\u00f3n de Residuos de Construcci\u00f3n I MMM Reciclaje","description":"Gesti\u00f3n de residuos de construcci\u00f3n proporcionada por el veterano con 30 a\u00f1os de experiencia, Midwest Material Management, MMMRecycles.com","robots":{"index":"index","follow":"follow","max-snippet":"max-snippet:-1","max-image-preview":"max-image-preview:large","max-video-preview":"max-video-preview:-1"},"canonical":"https:\/\/www.mmmrecycles.com\/es\/contactenos\/","og_locale":"es_MX","og_type":"article","og_title":"Contact Us I Construction Waste Management I MMM Recycles","og_description":"Construction waste management provided by 30-year veteran, Midwest Material Management, MMMRecycles.com","og_url":"https:\/\/www.mmmrecycles.com\/es\/contactenos\/","og_site_name":"Midwest Material Management I C&amp;D Waste Management","article_modified_time":"2024-09-16T16:11:41+00:00","twitter_card":"summary_large_image","schema":{"@context":"https:\/\/schema.org","@graph":[{"@type":"WebPage","@id":"https:\/\/www.mmmrecycles.com\/contact-us\/","url":"https:\/\/www.mmmrecycles.com\/contact-us\/","name":"Cont\u00e1ctenos I Gesti\u00f3n de Residuos de Construcci\u00f3n I MMM Reciclaje","isPartOf":{"@id":"https:\/\/www.mmmrecycles.com\/#website"},"datePublished":"2021-12-13T17:00:54+00:00","dateModified":"2024-09-16T16:11:41+00:00","description":"Gesti\u00f3n de residuos de construcci\u00f3n proporcionada por el veterano con 30 a\u00f1os de experiencia, Midwest Material Management, MMMRecycles.com","breadcrumb":{"@id":"https:\/\/www.mmmrecycles.com\/contact-us\/#breadcrumb"},"inLanguage":"es-MX","potentialAction":[{"@type":"ReadAction","target":["https:\/\/www.mmmrecycles.com\/contact-us\/"]}]},{"@type":"BreadcrumbList","@id":"https:\/\/www.mmmrecycles.com\/contact-us\/#breadcrumb","itemListElement":[{"@type":"ListItem","position":1,"name":"Home","item":"https:\/\/www.mmmrecycles.com\/"},{"@type":"ListItem","position":2,"name":"Contact Us"}]},{"@type":"WebSite","@id":"https:\/\/www.mmmrecycles.com\/#website","url":"https:\/\/www.mmmrecycles.com\/","name":"Gesti\u00f3n de materiales del Medio Oeste I Gesti\u00f3n de residuos de C&amp;D","description":"Soluciones sostenibles de reciclaje y gesti\u00f3n de residuos de construcci\u00f3n y demolici\u00f3n","potentialAction":[{"@type":"SearchAction","target":{"@type":"EntryPoint","urlTemplate":"https:\/\/www.mmmrecycles.com\/?s={search_term_string}"},"query-input":{"@type":"PropertyValueSpecification","valueRequired":true,"valueName":"search_term_string"}}],"inLanguage":"es-MX"}]}},"_links":{"self":[{"href":"https:\/\/www.mmmrecycles.com\/es\/wp-json\/wp\/v2\/pages\/454","targetHints":{"allow":["GET"]}}],"collection":[{"href":"https:\/\/www.mmmrecycles.com\/es\/wp-json\/wp\/v2\/pages"}],"about":[{"href":"https:\/\/www.mmmrecycles.com\/es\/wp-json\/wp\/v2\/types\/page"}],"author":[{"embeddable":true,"href":"https:\/\/www.mmmrecycles.com\/es\/wp-json\/wp\/v2\/users\/3"}],"replies":[{"embeddable":true,"href":"https:\/\/www.mmmrecycles.com\/es\/wp-json\/wp\/v2\/comments?post=454"}],"version-history":[{"count":5,"href":"https:\/\/www.mmmrecycles.com\/es\/wp-json\/wp\/v2\/pages\/454\/revisions"}],"predecessor-version":[{"id":1178,"href":"https:\/\/www.mmmrecycles.com\/es\/wp-json\/wp\/v2\/pages\/454\/revisions\/1178"}],"wp:attachment":[{"href":"https:\/\/www.mmmrecycles.com\/es\/wp-json\/wp\/v2\/media?parent=454"}],"curies":[{"name":"gracias","href":"https:\/\/api.w.org\/{rel}","templated":true}]}}