{"id":1170,"date":"2024-09-12T11:54:37","date_gmt":"2024-09-12T16:54:37","guid":{"rendered":"https:\/\/www.mmmrecycles.com\/?page_id=1170"},"modified":"2024-09-12T11:58:20","modified_gmt":"2024-09-12T16:58:20","slug":"thank-you","status":"publish","type":"page","link":"https:\/\/www.mmmrecycles.com\/es\/gracias\/","title":{"rendered":""},"content":{"rendered":"<h2 class=\"wp-block-heading\">Gracias por contactar a MMM Recycles, la soluci\u00f3n de gesti\u00f3n sostenible de residuos cerca de usted.<\/h2>\n\n\n\n<p>Un miembro de nuestro equipo se pondr\u00e1 en contacto con usted lo antes posible. Para obtener un servicio inmediato, llame al 847-426-6354<\/p>\n\n\n\n<p>Regresar a <a href=\"https:\/\/www.mmmrecycles.com\/es\/\">P\u00e1gina de inicio<\/a>.<\/p>","protected":false},"excerpt":{"rendered":"<p>Gracias por contactar a MMM Recycles, la soluci\u00f3n de gesti\u00f3n sostenible de residuos cerca de usted. Un miembro de nuestro equipo se pondr\u00e1 en contacto con usted lo antes posible. Para servicio inmediato, llame al 847-426-6354. Volver a la p\u00e1gina principal.<\/p>","protected":false},"author":3,"featured_media":0,"parent":0,"menu_order":0,"comment_status":"closed","ping_status":"closed","template":"","meta":{"footnotes":""},"class_list":["post-1170","page","type-page","status-publish","hentry"],"yoast_head":"<!-- This site is optimized with the Yoast SEO plugin v27.3 - https:\/\/yoast.com\/product\/yoast-seo-wordpress\/ -->\n<title>MMM Recycles I Sustainable Waste Recycling<\/title>\n<meta name=\"description\" content=\"Sustainable waste recycling: contact us for your waste station, C&amp;D recycling, and dumpster rental needs...\" \/>\n<meta name=\"robots\" content=\"index, follow, max-snippet:-1, max-image-preview:large, max-video-preview:-1\" \/>\n<link rel=\"canonical\" href=\"https:\/\/www.mmmrecycles.com\/es\/gracias\/\" \/>\n<meta property=\"og:locale\" content=\"es_MX\" \/>\n<meta property=\"og:type\" content=\"article\" \/>\n<meta property=\"og:title\" content=\"MMM Recycles I Sustainable Waste Recycling\" \/>\n<meta property=\"og:description\" content=\"Sustainable waste recycling: contact us for your waste station, C&amp;D recycling, and dumpster rental needs...\" \/>\n<meta property=\"og:url\" content=\"https:\/\/www.mmmrecycles.com\/es\/gracias\/\" \/>\n<meta property=\"og:site_name\" content=\"Midwest Material Management I C&amp;D Waste Management\" \/>\n<meta property=\"article:modified_time\" content=\"2024-09-12T16:58:20+00:00\" \/>\n<meta name=\"twitter:card\" content=\"summary_large_image\" \/>\n<meta name=\"twitter:label1\" content=\"Est. reading time\" \/>\n\t<meta name=\"twitter:data1\" content=\"1 minute\" \/>\n<script type=\"application\/ld+json\" class=\"yoast-schema-graph\">{\"@context\":\"https:\\\/\\\/schema.org\",\"@graph\":[{\"@type\":\"WebPage\",\"@id\":\"https:\\\/\\\/www.mmmrecycles.com\\\/thank-you\\\/\",\"url\":\"https:\\\/\\\/www.mmmrecycles.com\\\/thank-you\\\/\",\"name\":\"MMM Recycles I Sustainable Waste Recycling\",\"isPartOf\":{\"@id\":\"https:\\\/\\\/www.mmmrecycles.com\\\/#website\"},\"datePublished\":\"2024-09-12T16:54:37+00:00\",\"dateModified\":\"2024-09-12T16:58:20+00:00\",\"description\":\"Sustainable waste recycling: contact us for your waste station, C&D recycling, and dumpster rental needs...\",\"inLanguage\":\"es-MX\",\"potentialAction\":[{\"@type\":\"ReadAction\",\"target\":[\"https:\\\/\\\/www.mmmrecycles.com\\\/thank-you\\\/\"]}]},{\"@type\":\"WebSite\",\"@id\":\"https:\\\/\\\/www.mmmrecycles.com\\\/#website\",\"url\":\"https:\\\/\\\/www.mmmrecycles.com\\\/\",\"name\":\"Midwest Material Management I C&amp;D Waste Management\",\"description\":\"Sustainable C&amp;D Waste Management and RecyclingSolutions\",\"potentialAction\":[{\"@type\":\"SearchAction\",\"target\":{\"@type\":\"EntryPoint\",\"urlTemplate\":\"https:\\\/\\\/www.mmmrecycles.com\\\/?s={search_term_string}\"},\"query-input\":{\"@type\":\"PropertyValueSpecification\",\"valueRequired\":true,\"valueName\":\"search_term_string\"}}],\"inLanguage\":\"es-MX\"}]}<\/script>\n<!-- \/ Yoast SEO plugin. -->","yoast_head_json":{"title":"MMM Recicla I Reciclaje Sustentable de Residuos","description":"Reciclaje sostenible de residuos: cont\u00e1ctenos para sus necesidades de estaciones de reciclaje de residuos, reciclaje de C&amp;D y alquiler de contenedores...","robots":{"index":"index","follow":"follow","max-snippet":"max-snippet:-1","max-image-preview":"max-image-preview:large","max-video-preview":"max-video-preview:-1"},"canonical":"https:\/\/www.mmmrecycles.com\/es\/gracias\/","og_locale":"es_MX","og_type":"article","og_title":"MMM Recycles I Sustainable Waste Recycling","og_description":"Sustainable waste recycling: contact us for your waste station, C&D recycling, and dumpster rental needs...","og_url":"https:\/\/www.mmmrecycles.com\/es\/gracias\/","og_site_name":"Midwest Material Management I C&amp;D Waste Management","article_modified_time":"2024-09-12T16:58:20+00:00","twitter_card":"summary_large_image","twitter_misc":{"Est. reading time":"1 minute"},"schema":{"@context":"https:\/\/schema.org","@graph":[{"@type":"WebPage","@id":"https:\/\/www.mmmrecycles.com\/thank-you\/","url":"https:\/\/www.mmmrecycles.com\/thank-you\/","name":"MMM Recicla I Reciclaje Sustentable de Residuos","isPartOf":{"@id":"https:\/\/www.mmmrecycles.com\/#website"},"datePublished":"2024-09-12T16:54:37+00:00","dateModified":"2024-09-12T16:58:20+00:00","description":"Reciclaje sostenible de residuos: cont\u00e1ctenos para sus necesidades de estaciones de reciclaje de residuos, reciclaje de C&amp;D y alquiler de contenedores...","inLanguage":"es-MX","potentialAction":[{"@type":"ReadAction","target":["https:\/\/www.mmmrecycles.com\/thank-you\/"]}]},{"@type":"WebSite","@id":"https:\/\/www.mmmrecycles.com\/#website","url":"https:\/\/www.mmmrecycles.com\/","name":"Gesti\u00f3n de materiales del Medio Oeste I Gesti\u00f3n de residuos de C&amp;D","description":"Soluciones sostenibles de reciclaje y gesti\u00f3n de residuos de construcci\u00f3n y demolici\u00f3n","potentialAction":[{"@type":"SearchAction","target":{"@type":"EntryPoint","urlTemplate":"https:\/\/www.mmmrecycles.com\/?s={search_term_string}"},"query-input":{"@type":"PropertyValueSpecification","valueRequired":true,"valueName":"search_term_string"}}],"inLanguage":"es-MX"}]}},"_links":{"self":[{"href":"https:\/\/www.mmmrecycles.com\/es\/wp-json\/wp\/v2\/pages\/1170","targetHints":{"allow":["GET"]}}],"collection":[{"href":"https:\/\/www.mmmrecycles.com\/es\/wp-json\/wp\/v2\/pages"}],"about":[{"href":"https:\/\/www.mmmrecycles.com\/es\/wp-json\/wp\/v2\/types\/page"}],"author":[{"embeddable":true,"href":"https:\/\/www.mmmrecycles.com\/es\/wp-json\/wp\/v2\/users\/3"}],"replies":[{"embeddable":true,"href":"https:\/\/www.mmmrecycles.com\/es\/wp-json\/wp\/v2\/comments?post=1170"}],"version-history":[{"count":3,"href":"https:\/\/www.mmmrecycles.com\/es\/wp-json\/wp\/v2\/pages\/1170\/revisions"}],"predecessor-version":[{"id":1174,"href":"https:\/\/www.mmmrecycles.com\/es\/wp-json\/wp\/v2\/pages\/1170\/revisions\/1174"}],"wp:attachment":[{"href":"https:\/\/www.mmmrecycles.com\/es\/wp-json\/wp\/v2\/media?parent=1170"}],"curies":[{"name":"gracias","href":"https:\/\/api.w.org\/{rel}","templated":true}]}}